{"id":16133,"date":"2014-05-20T07:51:11","date_gmt":"2014-05-20T07:51:11","guid":{"rendered":"https:\/\/terradellesidhe.com\/home-7-2\/"},"modified":"2021-02-19T20:11:58","modified_gmt":"2021-02-19T20:11:58","slug":"home-7","status":"publish","type":"page","link":"https:\/\/terradellesidhe.com\/de\/","title":{"rendered":"Home"},"content":{"rendered":"<p>[vc_row css_animation=&#8220;&#8220; row_type=&#8220;row&#8220; use_row_as_full_screen_section=&#8220;no&#8220; type=&#8220;full_width&#8220; angled_section=&#8220;no&#8220; text_align=&#8220;left&#8220; background_image_as_pattern=&#8220;without_pattern&#8220;][vc_column][layerslider_vc id=&#8220;2&#8243;][\/vc_column][\/vc_row][vc_row css_animation=&#8220;&#8220; row_type=&#8220;row&#8220; use_row_as_full_screen_section=&#8220;no&#8220; type=&#8220;full_width&#8220; angled_section=&#8220;no&#8220; text_align=&#8220;left&#8220; background_image_as_pattern=&#8220;without_pattern&#8220;][vc_column][vc_column_text css=&#8220;.vc_custom_1613765515720{padding-top: 40px !important;padding-bottom: 40px !important;background-color: #962415 !important;}&#8220;]<\/p>\n<h4 style=\"text-align: center;\">Terra Delle Sidhe \u2013 Ihr bezauberndes Zuhause in der Toskana<\/h4>\n<p>[\/vc_column_text][\/vc_column][\/vc_row][vc_row css_animation=&#8220;&#8220; row_type=&#8220;row&#8220; use_row_as_full_screen_section=&#8220;no&#8220; type=&#8220;grid&#8220; angled_section=&#8220;no&#8220; text_align=&#8220;left&#8220; background_image_as_pattern=&#8220;without_pattern&#8220; z_index=&#8220;&#8220;][vc_column][vc_empty_space height=&#8220;30px&#8220;][\/vc_column][vc_column width=&#8220;1\/3&#8243;][vc_single_image image=&#8220;15840&#8243; img_size=&#8220;full&#8220; qode_css_animation=&#8220;&#8220; css=&#8220;.vc_custom_1430320015470{padding-top: 5px !important;}&#8220;][\/vc_column][vc_column width=&#8220;2\/3&#8243;][vc_column_text]Der Name des Anwesens stammt vom g\u00e4lischen Wort f\u00fcr &#8222;Elfe&#8220; und wurde inspiriert durch den zauberhaften Kastanienwald in dem es sich befindet.<\/p>\n<p>&nbsp;<\/p>\n<p>Ein spiritueller Ort gespickt von uraltem vulkanischen Gestein, welches \u00fcber die Jahrtausende von der Natur zu grossartigen Skulpturen geformt wurde und unendlich vielen Tier und Pflanzenarten ein zu Hause bietet:<\/p>\n<p>Stachelschweine, Rehe, Wildschweine, und hunderte Arten von Singv\u00f6geln sind hier beheimatet.<\/p>\n<p>&nbsp;<\/p>\n<p>Tags\u00fcber regt der lichtdurchflutete und kontrastreiche Wald alle Sinne an, und abends kann man traumhafte Sonnenunterg\u00e4nge geniessen. Und wenn die Nacht hereingebrochen ist kann man bei klarem Sternenhimmel mystischen Kl\u00e4ngen aus einer anderen Zeit lauschen.<\/p>\n<p>Die \u00fcppige Sch\u00f6nheit der Natur kommt durch unz\u00e4hlige Blumen, Fr\u00fcchte und Pilze zur Geltung und ber\u00fchrt die Seelen jener, die hier eine Zeit lang verweilen m\u00f6chten.<\/p>\n<p>&nbsp;<\/p>\n<p>Realit\u00e4t und Imagination verschmelzen hier, und Terra delle Sidhe wird all jene verzaubern die das einfache Leben in seiner unverf\u00e4lschten Form zu sch\u00e4tzen wissen.[\/vc_column_text][\/vc_column][\/vc_row][vc_row css_animation=&#8220;&#8220; row_type=&#8220;row&#8220; use_row_as_full_screen_section=&#8220;no&#8220; type=&#8220;full_width&#8220; angled_section=&#8220;no&#8220; text_align=&#8220;left&#8220; background_image_as_pattern=&#8220;without_pattern&#8220;][vc_column][vc_empty_space height=&#8220;30px&#8220;][\/vc_column][\/vc_row][vc_row css_animation=&#8220;&#8220; row_type=&#8220;row&#8220; use_row_as_full_screen_section=&#8220;no&#8220; type=&#8220;grid&#8220; angled_section=&#8220;no&#8220; text_align=&#8220;left&#8220; background_image_as_pattern=&#8220;without_pattern&#8220;][vc_column][vc_row_inner row_type=&#8220;row&#8220; type=&#8220;full_width&#8220; text_align=&#8220;left&#8220; css_animation=&#8220;&#8220;][vc_column_inner width=&#8220;1\/3&#8243;][vc_single_image image=&#8220;16574&#8243; img_size=&#8220;full&#8220; alignment=&#8220;center&#8220; onclick=&#8220;custom_link&#8220; qode_css_animation=&#8220;element_from_fade&#8220; transition_delay=&#8220;0.4&#8243; link=&#8220;https:\/\/terradellesidhe.com\/de\/haus-und-zimmer\/&#8220;][vc_separator type=&#8220;transparent&#8220; up=&#8220;44&#8243; down=&#8220;0&#8243;][vc_column_text]<\/p>\n<h6 style=\"text-align: center;\"><a href=\"https:\/\/terradellesidhe.com\/de\/haus-und-zimmer\/\">STONE HOUSE<\/a><\/h6>\n<p>[\/vc_column_text][vc_separator type=&#8220;small&#8220; position=&#8220;center&#8220; up=&#8220;28&#8243; down=&#8220;30&#8243;][\/vc_column_inner][vc_column_inner width=&#8220;1\/3&#8243;][vc_single_image image=&#8220;16580&#8243; img_size=&#8220;full&#8220; alignment=&#8220;center&#8220; onclick=&#8220;custom_link&#8220; qode_css_animation=&#8220;element_from_fade&#8220; transition_delay=&#8220;0.5&#8243; link=&#8220;https:\/\/terradellesidhe.com\/de\/haus-und-zimmer\/&#8220;][vc_separator type=&#8220;transparent&#8220; up=&#8220;44&#8243; down=&#8220;0&#8243;][vc_column_text]<\/p>\n<h6 style=\"text-align: center;\"><a href=\"https:\/\/terradellesidhe.com\/de\/haus-und-zimmer\/\">STONE HOUSE BEDROOM #1<\/a><\/h6>\n<p>[\/vc_column_text][vc_separator type=&#8220;small&#8220; position=&#8220;center&#8220; up=&#8220;28&#8243; down=&#8220;30&#8243;][\/vc_column_inner][vc_column_inner width=&#8220;1\/3&#8243;][vc_single_image image=&#8220;16577&#8243; img_size=&#8220;full&#8220; alignment=&#8220;center&#8220; onclick=&#8220;custom_link&#8220; qode_css_animation=&#8220;element_from_fade&#8220; transition_delay=&#8220;0.6&#8243; link=&#8220;https:\/\/terradellesidhe.com\/de\/haus-und-zimmer\/&#8220;][vc_separator type=&#8220;transparent&#8220; up=&#8220;44&#8243; down=&#8220;0&#8243;][vc_column_text]<\/p>\n<h6 style=\"text-align: center;\"><a href=\"https:\/\/terradellesidhe.com\/de\/haus-und-zimmer\/\">STONE HOUSE BEDROOM #2<\/a><\/h6>\n<p>[\/vc_column_text][vc_separator type=&#8220;small&#8220; position=&#8220;center&#8220; up=&#8220;28&#8243; down=&#8220;30&#8243;][\/vc_column_inner][\/vc_row_inner][\/vc_column][\/vc_row][vc_row css_animation=&#8220;&#8220; row_type=&#8220;row&#8220; use_row_as_full_screen_section=&#8220;no&#8220; type=&#8220;grid&#8220; angled_section=&#8220;no&#8220; text_align=&#8220;left&#8220; background_image_as_pattern=&#8220;without_pattern&#8220; z_index=&#8220;&#8220;][vc_column][vc_empty_space height=&#8220;30px&#8220;][vc_column_text css=&#8220;.vc_custom_1612911674720{padding-bottom: 20px !important;}&#8220;]<\/p>\n<h3 style=\"text-align: center;\">Blog Highlights<\/h3>\n<p>[\/vc_column_text]\n<div class='latest_post_holder dividers three_columns two_rows' >\n    <ul>\n    \n        <li class=\"clearfix\">\n            <div class=\"boxes_image\">\n                                <a itemprop=\"url\" href=\"https:\/\/terradellesidhe.com\/de\/biologisch-angebauter-lavendel\/\"><img width=\"539\" height=\"303\" src=\"https:\/\/terradellesidhe.com\/wp-content\/uploads\/2015\/07\/LavendarBushel-539x303.jpg\" class=\"attachment-latest_post_boxes size-latest_post_boxes wp-post-image\" alt=\"\" loading=\"lazy\" \/><\/a>\n            <\/div>\n            <div class=\"latest_post\"  >\n                <div class=\"latest_post_text\">\n                    <div class=\"latest_post_inner\">\n                        <div itemprop=\"dateCreated\" class=\"latest_post_date entry_date updated\">\n                            <div class=\"latest_post_day\">05<\/div>\n                            <div class=\"latest_post_month\">Mai<\/div>\n                            <meta itemprop=\"interactionCount\" content=\"UserComments: 0\" \/>\n                        <\/div>\n\n                        <div class=\"latest_post_text_inner\">\n                            <h5 itemprop=\"name\" class=\"latest_post_title entry_title\"><a itemprop=\"url\" href=\"https:\/\/terradellesidhe.com\/de\/biologisch-angebauter-lavendel\/\">Biologisch Angebauter Lavendel<\/a><\/h5>\n                            <p class=\"excerpt\">Vor vielen Jahren haben wir begonnen 1000 Lavendel-Setzlinge von einem Bio-Bauernhof aus Nord-Italien zu pflanzen. Heute sind sie zu prachtvollen B\u00fcschen in strahlender Farbe und wundervollem Duft herangewachsen....<\/p>                            <span class=\"post_infos\">\n\n                                \n                                \n                                \n                                                            <\/span>\n\n                        <\/div>\n                    <\/div>\n                <\/div>\n            <\/div>\n        <\/li>\n        \n        <li class=\"clearfix\">\n            <div class=\"boxes_image\">\n                                <a itemprop=\"url\" href=\"https:\/\/terradellesidhe.com\/de\/kirschen\/\"><img width=\"539\" height=\"303\" src=\"https:\/\/terradellesidhe.com\/wp-content\/uploads\/2015\/04\/Summer-Cherries-539x303.jpg\" class=\"attachment-latest_post_boxes size-latest_post_boxes wp-post-image\" alt=\"Cherry Harvesting in a cherry orchard at Himachal Pradesh, India\" loading=\"lazy\" \/><\/a>\n            <\/div>\n            <div class=\"latest_post\"  >\n                <div class=\"latest_post_text\">\n                    <div class=\"latest_post_inner\">\n                        <div itemprop=\"dateCreated\" class=\"latest_post_date entry_date updated\">\n                            <div class=\"latest_post_day\">10<\/div>\n                            <div class=\"latest_post_month\">M\u00e4rz<\/div>\n                            <meta itemprop=\"interactionCount\" content=\"UserComments: 0\" \/>\n                        <\/div>\n\n                        <div class=\"latest_post_text_inner\">\n                            <h5 itemprop=\"name\" class=\"latest_post_title entry_title\"><a itemprop=\"url\" href=\"https:\/\/terradellesidhe.com\/de\/kirschen\/\">Kirschen<\/a><\/h5>\n                            <p class=\"excerpt\">Feiert mit uns die Kirschenernte und die Ankunft des Sommers! Gemeinsam ernten wir wunderbar schmackhafte Kirschen und genie\u00dfen die Gesellschaft mit euch....<\/p>                            <span class=\"post_infos\">\n\n                                \n                                \n                                \n                                                            <\/span>\n\n                        <\/div>\n                    <\/div>\n                <\/div>\n            <\/div>\n        <\/li>\n        \n        <li class=\"clearfix\">\n            <div class=\"boxes_image\">\n                                <a itemprop=\"url\" href=\"https:\/\/terradellesidhe.com\/de\/hausgemachte-rosmarin-seife\/\"><img width=\"539\" height=\"303\" src=\"https:\/\/terradellesidhe.com\/wp-content\/uploads\/2015\/05\/sapone-rosmarino-539x303.jpg\" class=\"attachment-latest_post_boxes size-latest_post_boxes wp-post-image\" alt=\"\" loading=\"lazy\" \/><\/a>\n            <\/div>\n            <div class=\"latest_post\"  >\n                <div class=\"latest_post_text\">\n                    <div class=\"latest_post_inner\">\n                        <div itemprop=\"dateCreated\" class=\"latest_post_date entry_date updated\">\n                            <div class=\"latest_post_day\">08<\/div>\n                            <div class=\"latest_post_month\">Mai<\/div>\n                            <meta itemprop=\"interactionCount\" content=\"UserComments: 0\" \/>\n                        <\/div>\n\n                        <div class=\"latest_post_text_inner\">\n                            <h5 itemprop=\"name\" class=\"latest_post_title entry_title\"><a itemprop=\"url\" href=\"https:\/\/terradellesidhe.com\/de\/hausgemachte-rosmarin-seife\/\">Hausgemachte Rosmarin-Seife<\/a><\/h5>\n                            <p class=\"excerpt\">Hier in der Gegend um Sidhe werden wir mit grossen Mengen an frischem Rosmarin verw\u00f6hnt. Wir verwenden es in der K\u00fcche, aber auch fuer unsere herrlichen hausgemachten Seifen, die auf einer Oliven\u00f6l-Basis beruhen....<\/p>                            <span class=\"post_infos\">\n\n                                \n                                \n                                \n                                                            <\/span>\n\n                        <\/div>\n                    <\/div>\n                <\/div>\n            <\/div>\n        <\/li>\n        \n        <li class=\"clearfix\">\n            <div class=\"boxes_image\">\n                                <a itemprop=\"url\" href=\"https:\/\/terradellesidhe.com\/de\/aperitiv-auf-der-farm\/\"><img width=\"539\" height=\"303\" src=\"https:\/\/terradellesidhe.com\/wp-content\/uploads\/2015\/05\/AperitivoOnTheFarm-539x303.jpg\" class=\"attachment-latest_post_boxes size-latest_post_boxes wp-post-image\" alt=\"\" loading=\"lazy\" \/><\/a>\n            <\/div>\n            <div class=\"latest_post\"  >\n                <div class=\"latest_post_text\">\n                    <div class=\"latest_post_inner\">\n                        <div itemprop=\"dateCreated\" class=\"latest_post_date entry_date updated\">\n                            <div class=\"latest_post_day\">05<\/div>\n                            <div class=\"latest_post_month\">Mai<\/div>\n                            <meta itemprop=\"interactionCount\" content=\"UserComments: 0\" \/>\n                        <\/div>\n\n                        <div class=\"latest_post_text_inner\">\n                            <h5 itemprop=\"name\" class=\"latest_post_title entry_title\"><a itemprop=\"url\" href=\"https:\/\/terradellesidhe.com\/de\/aperitiv-auf-der-farm\/\">Aperitiv auf der Farm<\/a><\/h5>\n                            <p class=\"excerpt\">Ganz besonders m\u00f6gen wir es, wenn es sch\u00f6n warm ist etwas leckeres zu kochen, und dazu ein wenig von unserem guten lokalen Wein zu genie\u00dfen....<\/p>                            <span class=\"post_infos\">\n\n                                \n                                \n                                \n                                                            <\/span>\n\n                        <\/div>\n                    <\/div>\n                <\/div>\n            <\/div>\n        <\/li>\n        \n        <li class=\"clearfix\">\n            <div class=\"boxes_image\">\n                                <a itemprop=\"url\" href=\"https:\/\/terradellesidhe.com\/de\/frisches-aus-dem-garten\/\"><img width=\"539\" height=\"303\" src=\"https:\/\/terradellesidhe.com\/wp-content\/uploads\/2015\/05\/GardenStarts-539x303.jpg\" class=\"attachment-latest_post_boxes size-latest_post_boxes wp-post-image\" alt=\"\" loading=\"lazy\" \/><\/a>\n            <\/div>\n            <div class=\"latest_post\"  >\n                <div class=\"latest_post_text\">\n                    <div class=\"latest_post_inner\">\n                        <div itemprop=\"dateCreated\" class=\"latest_post_date entry_date updated\">\n                            <div class=\"latest_post_day\">14<\/div>\n                            <div class=\"latest_post_month\">M\u00e4rz<\/div>\n                            <meta itemprop=\"interactionCount\" content=\"UserComments: 0\" \/>\n                        <\/div>\n\n                        <div class=\"latest_post_text_inner\">\n                            <h5 itemprop=\"name\" class=\"latest_post_title entry_title\"><a itemprop=\"url\" href=\"https:\/\/terradellesidhe.com\/de\/frisches-aus-dem-garten\/\">Frisches aus dem Garten<\/a><\/h5>\n                            <p class=\"excerpt\">Jedes Fr\u00fchjahr bereiten wir den Gem\u00fcsegarten f\u00fcr unsere Pflanzen vor. Dann s\u00e4hen und pflanzen wir Salat, Zwiebeln, Basilikum, Kohl, Karotten, Sonnenblumen, Tomaten, Zucchini \u2013 um nur einige zu nennen!...<\/p>                            <span class=\"post_infos\">\n\n                                \n                                \n                                \n                                                            <\/span>\n\n                        <\/div>\n                    <\/div>\n                <\/div>\n            <\/div>\n        <\/li>\n        \n        <li class=\"clearfix\">\n            <div class=\"boxes_image\">\n                                <a itemprop=\"url\" href=\"https:\/\/terradellesidhe.com\/de\/kastanienernten\/\"><img width=\"539\" height=\"303\" src=\"https:\/\/terradellesidhe.com\/wp-content\/uploads\/2015\/04\/Chestnuts-539x303.jpg\" class=\"attachment-latest_post_boxes size-latest_post_boxes wp-post-image\" alt=\"\" loading=\"lazy\" \/><\/a>\n            <\/div>\n            <div class=\"latest_post\"  >\n                <div class=\"latest_post_text\">\n                    <div class=\"latest_post_inner\">\n                        <div itemprop=\"dateCreated\" class=\"latest_post_date entry_date updated\">\n                            <div class=\"latest_post_day\">14<\/div>\n                            <div class=\"latest_post_month\">Apr.<\/div>\n                            <meta itemprop=\"interactionCount\" content=\"UserComments: 0\" \/>\n                        <\/div>\n\n                        <div class=\"latest_post_text_inner\">\n                            <h5 itemprop=\"name\" class=\"latest_post_title entry_title\"><a itemprop=\"url\" href=\"https:\/\/terradellesidhe.com\/de\/kastanienernten\/\">Kastanienernten<\/a><\/h5>\n                            <p class=\"excerpt\">Jedes Wochenende im Oktober gehen wir durch unseren Wald, um wertvolle Amiata-Kastanien zu sammeln. Kommen Sie mit und lernen Sie die besonderen Merkmale des \u00d6kosystems der Kastanie und seiner verschiedenen Obstsorten (braun, rot, Kichererbsen ...) kennen....<\/p>                            <span class=\"post_infos\">\n\n                                \n                                \n                                \n                                                            <\/span>\n\n                        <\/div>\n                    <\/div>\n                <\/div>\n            <\/div>\n        <\/li>\n            <\/ul>\n<\/div>[\/vc_column][\/vc_row][vc_row css_animation=&#8220;&#8220; row_type=&#8220;row&#8220; use_row_as_full_screen_section=&#8220;no&#8220; type=&#8220;full_width&#8220; angled_section=&#8220;no&#8220; text_align=&#8220;center&#8220; background_image_as_pattern=&#8220;without_pattern&#8220; background_image=&#8220;15863&#8243; background_color=&#8220;#f1f1f1&#8243; padding_top=&#8220;50&#8243; padding_bottom=&#8220;50&#8243;][vc_column][vc_column_text]<\/p>\n<h2 style=\"text-align: center; text-shadow: 2px 2px 2px #c89240;\"><span style=\"color: #ffffff;\"><a style=\"color: #ffffff;\" href=\"\/?page_id=1452\">Kontaktieren Sie mich hier<\/a><\/span><\/h2>\n<h3 style=\"text-align: center; text-shadow: 2px 2px 2px #c89240;\"><span style=\"color: #ffffff;\"><a style=\"color: #ffffff;\" href=\"tel:+39 333 746 2927\">+39 333 746 2927<\/a><\/span><\/h3>\n<p>[\/vc_column_text][\/vc_column][\/vc_row]<\/p>\n","protected":false},"excerpt":{"rendered":"<p>[vc_row css_animation=&#8220;&#8220; row_type=&#8220;row&#8220; use_row_as_full_screen_section=&#8220;no&#8220; type=&#8220;full_width&#8220; angled_section=&#8220;no&#8220; text_align=&#8220;left&#8220; background_image_as_pattern=&#8220;without_pattern&#8220;][vc_column][layerslider_vc id=&#8220;2&#8243;][\/vc_column][\/vc_row][vc_row css_animation=&#8220;&#8220; row_type=&#8220;row&#8220; use_row_as_full_screen_section=&#8220;no&#8220; type=&#8220;full_width&#8220; angled_section=&#8220;no&#8220; text_align=&#8220;left&#8220; background_image_as_pattern=&#8220;without_pattern&#8220;][vc_column][vc_column_text css=&#8220;.vc_custom_1613765515720{padding-top: 40px !important;padding-bottom: 40px !important;background-color: #962415 !important;}&#8220;] Terra Delle Sidhe \u2013 Ihr bezauberndes Zuhause in der Toskana [\/vc_column_text][\/vc_column][\/vc_row][vc_row css_animation=&#8220;&#8220; row_type=&#8220;row&#8220; use_row_as_full_screen_section=&#8220;no&#8220; type=&#8220;grid&#8220; angled_section=&#8220;no&#8220; text_align=&#8220;left&#8220; background_image_as_pattern=&#8220;without_pattern&#8220; z_index=&#8220;&#8220;][vc_column][vc_empty_space height=&#8220;30px&#8220;][\/vc_column][vc_column width=&#8220;1\/3&#8243;][vc_single_image image=&#8220;15840&#8243;&#8230;<\/p>\n","protected":false},"author":1,"featured_media":0,"parent":0,"menu_order":0,"comment_status":"open","ping_status":"closed","template":"full_width.php","meta":[],"_links":{"self":[{"href":"https:\/\/terradellesidhe.com\/de\/wp-json\/wp\/v2\/pages\/16133"}],"collection":[{"href":"https:\/\/terradellesidhe.com\/de\/wp-json\/wp\/v2\/pages"}],"about":[{"href":"https:\/\/terradellesidhe.com\/de\/wp-json\/wp\/v2\/types\/page"}],"author":[{"embeddable":true,"href":"https:\/\/terradellesidhe.com\/de\/wp-json\/wp\/v2\/users\/1"}],"replies":[{"embeddable":true,"href":"https:\/\/terradellesidhe.com\/de\/wp-json\/wp\/v2\/comments?post=16133"}],"version-history":[{"count":1,"href":"https:\/\/terradellesidhe.com\/de\/wp-json\/wp\/v2\/pages\/16133\/revisions"}],"predecessor-version":[{"id":17157,"href":"https:\/\/terradellesidhe.com\/de\/wp-json\/wp\/v2\/pages\/16133\/revisions\/17157"}],"wp:attachment":[{"href":"https:\/\/terradellesidhe.com\/de\/wp-json\/wp\/v2\/media?parent=16133"}],"curies":[{"name":"wp","href":"https:\/\/api.w.org\/{rel}","templated":true}]}}