{"id":17012,"date":"2020-09-17T21:47:27","date_gmt":"2020-09-17T21:47:27","guid":{"rendered":"https:\/\/terradellesidhe.com\/about\/"},"modified":"2021-03-14T03:53:41","modified_gmt":"2021-03-14T03:53:41","slug":"uber","status":"publish","type":"page","link":"https:\/\/terradellesidhe.com\/de\/uber\/","title":{"rendered":"\u00dcber Uns"},"content":{"rendered":"<p>[vc_row css_animation=&#8220;&#8220; row_type=&#8220;row&#8220; use_row_as_full_screen_section=&#8220;no&#8220; type=&#8220;full_width&#8220; angled_section=&#8220;no&#8220; text_align=&#8220;left&#8220; background_image_as_pattern=&#8220;without_pattern&#8220; z_index=&#8220;&#8220; background_image=&#8220;15929&#8243;][vc_column][vc_empty_space height=&#8220;400px&#8220;][\/vc_column][\/vc_row][vc_row css_animation=&#8220;&#8220; row_type=&#8220;row&#8220; use_row_as_full_screen_section=&#8220;no&#8220; type=&#8220;grid&#8220; angled_section=&#8220;no&#8220; text_align=&#8220;left&#8220; background_image_as_pattern=&#8220;without_pattern&#8220;][vc_column][vc_empty_space height=&#8220;50 px&#8220;][\/vc_column][vc_column width=&#8220;1\/3&#8243;][vc_single_image image=&#8220;15919&#8243; img_size=&#8220;full&#8220; alignment=&#8220;center&#8220; qode_css_animation=&#8220;element_from_fade&#8220; transition_delay=&#8220;0.2&#8243;][\/vc_column][vc_column width=&#8220;2\/3&#8243;][vc_column_text css=&#8220;.vc_custom_1601074446846{padding-bottom: 30px !important;}&#8220;]<\/p>\n<h2 style=\"text-align: center;\">Das Gebiet<\/h2>\n<p>[\/vc_column_text][vc_column_text]In dieser Region, die zu den nat\u00fcrlichsten Italiens rund um den Amiata-Berg geh\u00f6rt, einem vor Tausenden von Jahren ruhenden Vulkan, befinden sich mehr als 31 Naturschutzgebiete, der zweitgr\u00f6\u00dfte Buchenwald Europas und ein wundersch\u00f6ner Wildpark.<\/p>\n<p>&nbsp;<\/p>\n<p>An seinen H\u00e4ngen befinden sich wichtige Schwefel- und Calcium bicarbonat quellen. Die bekanntesten sind die Quellen von Saturnia, San Filippo, Bagno Vignoni und Petriolo, nicht zu vergessen der Naturpark der Maremma, der f\u00fcr seine au\u00dfergew\u00f6hnlichen Str\u00e4nde und das t\u00fcrkisfarbene Meer einzigartig ist , nur 45 minuten von unserem bauernhof entfernt.<\/p>\n<p>&nbsp;<\/p>\n<p>Nur in der Provinz Grosseto werden mehr als 420 Denkm\u00e4ler gemeldet, darunter alte Abteien, Kathedralen und Basiliken, mittelalterliche D\u00f6rfer, T\u00fcrme, Mauern und Schl\u00f6sser, alte Kirchen, Kl\u00f6ster und Villen, Museen und arch\u00e4ologische St\u00e4tten.[\/vc_column_text][\/vc_column][\/vc_row][vc_row css_animation=&#8220;&#8220; row_type=&#8220;row&#8220; use_row_as_full_screen_section=&#8220;no&#8220; type=&#8220;grid&#8220; angled_section=&#8220;no&#8220; text_align=&#8220;left&#8220; background_image_as_pattern=&#8220;without_pattern&#8220;][vc_column][vc_empty_space][vc_gallery type=&#8220;image_grid&#8220; images=&#8220;15926,15925,15924,15923,15922,15921&#8243; img_size=&#8220;250&#215;250&#8243; column_number=&#8220;6&#8243; grayscale=&#8220;no&#8220; images_space=&#8220;gallery_with_space&#8220;][vc_empty_space][\/vc_column][\/vc_row][vc_row css_animation=&#8220;&#8220; row_type=&#8220;row&#8220; use_row_as_full_screen_section=&#8220;no&#8220; type=&#8220;grid&#8220; angled_section=&#8220;no&#8220; text_align=&#8220;left&#8220; background_image_as_pattern=&#8220;without_pattern&#8220;][vc_column width=&#8220;1\/3&#8243;][vc_single_image image=&#8220;15901&#8243; img_size=&#8220;full&#8220; alignment=&#8220;center&#8220; qode_css_animation=&#8220;&#8220;][\/vc_column][vc_column width=&#8220;2\/3&#8243;][vc_column_text css=&#8220;.vc_custom_1601074599239{padding-bottom: 30px !important;}&#8220;]<\/p>\n<h2 style=\"text-align: center;\">Der Bio-Bauernhof<\/h2>\n<p>[\/vc_column_text][vc_column_text]<span style=\"font-weight: 400;\">Terra delle Sidhe ist ein kleiner Bio-Bauernhof in der s\u00fcdlichen Toskana mit Blick auf ein wundersch\u00f6nes Tal an den H\u00e4ngen des Monte Amiata zwischen den mittelalterlichen St\u00e4dten Castel del Piano und Seggiano.<\/span><\/p>\n<p>&nbsp;<\/p>\n<p><span style=\"font-weight: 400;\">\u00a0Die Landschaft hat die Besonderheit eines typischen Natur waldes und die f\u00fcr Biobetriebe typische abwechslungsreiche Produktivit\u00e4t.<\/span><\/p>\n<p>&nbsp;<\/p>\n<p><span style=\"font-weight: 400;\">\u00a0Das Anwesen erstreckt sich \u00fcber drei Hektar Kastanienb\u00e4ume, IGP marroni Amiata, eine kostbare Olivensorte von DOP Olivastra Seggianese und \u00fcber hundert Jahre alte Kirschb\u00e4ume.<\/span><\/p>\n<p>&nbsp;<\/p>\n<p><span style=\"font-weight: 400;\">\u00a0Eine reiche Auswahl an Obstb\u00e4umen, Heilpflanzen, einem biodynamischen Garten, Kastanienmehl, nativem Oliven\u00f6l extra, nat\u00fcrlichen Seifen, k\u00f6stlichen Tees und Marmeladen runden das Angebot an Bio-Produkten ab, die auf unserem Bauernhof hergestellt werden.<\/span>[\/vc_column_text][\/vc_column][\/vc_row][vc_row css_animation=&#8220;&#8220; row_type=&#8220;row&#8220; use_row_as_full_screen_section=&#8220;no&#8220; type=&#8220;grid&#8220; angled_section=&#8220;no&#8220; text_align=&#8220;left&#8220; background_image_as_pattern=&#8220;without_pattern&#8220;][vc_column][vc_empty_space][vc_gallery type=&#8220;image_grid&#8220; images=&#8220;15902,15900,15898,15897,15896,15895&#8243; img_size=&#8220;250&#215;250&#8243; column_number=&#8220;6&#8243; grayscale=&#8220;no&#8220; images_space=&#8220;gallery_without_space&#8220;][vc_empty_space][\/vc_column][\/vc_row][vc_row css_animation=&#8220;&#8220; row_type=&#8220;row&#8220; use_row_as_full_screen_section=&#8220;no&#8220; type=&#8220;grid&#8220; angled_section=&#8220;no&#8220; text_align=&#8220;left&#8220; background_image_as_pattern=&#8220;without_pattern&#8220;][vc_column width=&#8220;1\/3&#8243;][vc_single_image image=&#8220;15966&#8243; img_size=&#8220;full&#8220; alignment=&#8220;center&#8220; qode_css_animation=&#8220;&#8220;][\/vc_column][vc_column width=&#8220;2\/3&#8243;][vc_column_text css=&#8220;.vc_custom_1601074741817{padding-bottom: 30px !important;}&#8220;]<\/p>\n<h2 style=\"text-align: center;\">Die Familie<\/h2>\n<p>[\/vc_column_text][vc_column_text]Terre die Sidhe ist Heimat gleicherma\u00dfen f\u00fcr Mensch und Tier. Luisa kam vor \u00fcber 10 Jahren als Krankenschwester in diese Gegend und wurde hier B\u00e4uerin, umgeben von einer stetig wachsenden Schar von Tieren.<\/p>\n<p>&nbsp;<\/p>\n<p>Rita, Aamir und Candela sind wesentlicher Bestandteil eures tierischen Begr\u00fc\u00dfungs-Komitees. Stets auf der Suche nach ein paar Streicheleinheiten freunden sich diese beiden ungemein sympathischen Hundedamen zusammen mit Aamir schnell mit jedem an, der neu auf Terre di Sidhe ist.<\/p>\n<p>&nbsp;<\/p>\n<p>Skizzo, Romeo und Julia sind ein abenteuerlustiges Katzen, die gerne Eidechsen jagen, Nickerchen in der Sonne machen und auf Deinem Scho\u00df zusammengerollt wohlig schnurren.<\/p>\n<p>&nbsp;<\/p>\n<p>Die H\u00fchner legen feine, biologisch einwandfreie Eier, und sind sch\u00f6ne Farbtupfer wenn man sie in der Landschaft herumstolzieren sieht. Bitte achtet sorgf\u00e4ltig darauf, dass euere organischen K\u00fcchenabf\u00e4lle allesamt zu den H\u00fchnern gebracht werden, sie lieben dieses zus\u00e4tzliche Futter und der Kreislauf geht so immer weiter\u2026<\/p>\n<p>&nbsp;<\/p>\n<p>Die Tiere freuen sich \u00fcber Zuwendung, also z\u00f6gert nicht und genie\u00dft ihre Gesellschaft![\/vc_column_text][\/vc_column][\/vc_row][vc_row css_animation=&#8220;&#8220; row_type=&#8220;row&#8220; use_row_as_full_screen_section=&#8220;no&#8220; type=&#8220;grid&#8220; angled_section=&#8220;no&#8220; text_align=&#8220;left&#8220; background_image_as_pattern=&#8220;without_pattern&#8220;][vc_column][vc_empty_space][vc_gallery type=&#8220;image_grid&#8220; images=&#8220;15977,17005,15961,17236,15960,15959&#8243; img_size=&#8220;250&#215;250&#8243; column_number=&#8220;6&#8243; grayscale=&#8220;no&#8220; images_space=&#8220;gallery_without_space&#8220;][vc_empty_space][\/vc_column][\/vc_row][vc_row css_animation=&#8220;&#8220; row_type=&#8220;row&#8220; use_row_as_full_screen_section=&#8220;no&#8220; type=&#8220;full_width&#8220; angled_section=&#8220;no&#8220; text_align=&#8220;center&#8220; background_image_as_pattern=&#8220;without_pattern&#8220;][vc_column][vc_empty_space height=&#8220;15px&#8220;][vc_column_text]<\/p>\n<h3 style=\"text-align: center;\"><span style=\"color: #000000;\"><a href=\"https:\/\/terradellesidhe.com\/de\/kontakt\/\">Werde Teil unsere kleinen Familie und buche jetzt!<\/a><\/span><\/h3>\n<p>[\/vc_column_text][vc_empty_space height=&#8220;50px&#8220;][\/vc_column][\/vc_row][vc_row css_animation=&#8220;&#8220; row_type=&#8220;row&#8220; use_row_as_full_screen_section=&#8220;no&#8220; type=&#8220;full_width&#8220; angled_section=&#8220;no&#8220; text_align=&#8220;center&#8220; background_image_as_pattern=&#8220;without_pattern&#8220; background_image=&#8220;15863&#8243; background_color=&#8220;#f1f1f1&#8243; padding_top=&#8220;50&#8243; padding_bottom=&#8220;50&#8243;][vc_column][vc_column_text]<\/p>\n<h2 style=\"text-align: center; text-shadow: 2px 2px 2px #c89240;\"><span style=\"color: #ffffff;\"><a style=\"color: #ffffff;\" href=\"\/?page_id=1452\">Kontaktieren Sie mich hier<\/a><\/span><\/h2>\n<h3 style=\"text-align: center; text-shadow: 2px 2px 2px #c89240;\"><span style=\"color: #ffffff;\"><a style=\"color: #ffffff;\" href=\"tel:+39 333 746 2927\">+39 333 746 2927<\/a><\/span><\/h3>\n<p>[\/vc_column_text][\/vc_column][\/vc_row]<\/p>\n","protected":false},"excerpt":{"rendered":"<p>[vc_row css_animation=&#8220;&#8220; row_type=&#8220;row&#8220; use_row_as_full_screen_section=&#8220;no&#8220; type=&#8220;full_width&#8220; angled_section=&#8220;no&#8220; text_align=&#8220;left&#8220; background_image_as_pattern=&#8220;without_pattern&#8220; z_index=&#8220;&#8220; background_image=&#8220;15929&#8243;][vc_column][vc_empty_space height=&#8220;400px&#8220;][\/vc_column][\/vc_row][vc_row css_animation=&#8220;&#8220; row_type=&#8220;row&#8220; use_row_as_full_screen_section=&#8220;no&#8220; type=&#8220;grid&#8220; angled_section=&#8220;no&#8220; text_align=&#8220;left&#8220; background_image_as_pattern=&#8220;without_pattern&#8220;][vc_column][vc_empty_space height=&#8220;50 px&#8220;][\/vc_column][vc_column width=&#8220;1\/3&#8243;][vc_single_image image=&#8220;15919&#8243; img_size=&#8220;full&#8220; alignment=&#8220;center&#8220; qode_css_animation=&#8220;element_from_fade&#8220; transition_delay=&#8220;0.2&#8243;][\/vc_column][vc_column width=&#8220;2\/3&#8243;][vc_column_text css=&#8220;.vc_custom_1601074446846{padding-bottom: 30px !important;}&#8220;] Das Gebiet [\/vc_column_text][vc_column_text]In dieser Region, die zu den nat\u00fcrlichsten Italiens rund um den Amiata-Berg geh\u00f6rt,&#8230;<\/p>\n","protected":false},"author":2,"featured_media":0,"parent":0,"menu_order":0,"comment_status":"open","ping_status":"closed","template":"full_width.php","meta":[],"_links":{"self":[{"href":"https:\/\/terradellesidhe.com\/de\/wp-json\/wp\/v2\/pages\/17012"}],"collection":[{"href":"https:\/\/terradellesidhe.com\/de\/wp-json\/wp\/v2\/pages"}],"about":[{"href":"https:\/\/terradellesidhe.com\/de\/wp-json\/wp\/v2\/types\/page"}],"author":[{"embeddable":true,"href":"https:\/\/terradellesidhe.com\/de\/wp-json\/wp\/v2\/users\/2"}],"replies":[{"embeddable":true,"href":"https:\/\/terradellesidhe.com\/de\/wp-json\/wp\/v2\/comments?post=17012"}],"version-history":[{"count":2,"href":"https:\/\/terradellesidhe.com\/de\/wp-json\/wp\/v2\/pages\/17012\/revisions"}],"predecessor-version":[{"id":17242,"href":"https:\/\/terradellesidhe.com\/de\/wp-json\/wp\/v2\/pages\/17012\/revisions\/17242"}],"wp:attachment":[{"href":"https:\/\/terradellesidhe.com\/de\/wp-json\/wp\/v2\/media?parent=17012"}],"curies":[{"name":"wp","href":"https:\/\/api.w.org\/{rel}","templated":true}]}}