{"id":16774,"date":"2014-08-20T12:09:33","date_gmt":"2014-08-20T12:09:33","guid":{"rendered":"https:\/\/terradellesidhe.com\/house-rooms\/"},"modified":"2021-03-13T03:31:40","modified_gmt":"2021-03-13T03:31:40","slug":"la-casa-e-le-camere","status":"publish","type":"page","link":"https:\/\/terradellesidhe.com\/it\/la-casa-e-le-camere\/","title":{"rendered":"La Casa e Le Camere"},"content":{"rendered":"<p>[vc_row css_animation=&#8221;&#8221; row_type=&#8221;row&#8221; use_row_as_full_screen_section=&#8221;no&#8221; type=&#8221;full_width&#8221; angled_section=&#8221;no&#8221; text_align=&#8221;left&#8221; background_image_as_pattern=&#8221;without_pattern&#8221; background_image=&#8221;15606&#8243;][vc_column][vc_empty_space height=&#8221;400px&#8221;][\/vc_column][\/vc_row][vc_row css_animation=&#8221;&#8221; row_type=&#8221;row&#8221; use_row_as_full_screen_section=&#8221;no&#8221; type=&#8221;grid&#8221; angled_section=&#8221;no&#8221; text_align=&#8221;left&#8221; background_image_as_pattern=&#8221;without_pattern&#8221; padding_bottom=&#8221;26&#8243;][vc_column][vc_empty_space][\/vc_column][\/vc_row][vc_row css_animation=&#8221;&#8221; row_type=&#8221;row&#8221; use_row_as_full_screen_section=&#8221;no&#8221; type=&#8221;grid&#8221; angled_section=&#8221;no&#8221; text_align=&#8221;left&#8221; background_image_as_pattern=&#8221;without_pattern&#8221; padding_bottom=&#8221;26&#8243;][vc_column width=&#8221;1\/3&#8243;][vc_single_image image=&#8221;17170&#8243; img_size=&#8221;full&#8221; alignment=&#8221;center&#8221; qode_css_animation=&#8221;element_from_fade&#8221; transition_delay=&#8221;0.2&#8243;][\/vc_column][vc_column width=&#8221;2\/3&#8243;][vc_column_text css=&#8221;.vc_custom_1600121214174{padding-bottom: 20px !important;}&#8221;]<\/p>\n<h2 style=\"text-align: center;\">Alloggio<\/h2>\n<p>[\/vc_column_text][vc_column_text]La casa vacanze \u00e8 costituita da un vecchio essiccatoio di castagne in pietra di pi\u00f9 di 250 anni. L\u2019antico e protetto edificio dove sarete ospitati con la sua struttura in pietra e le sue pareti in legno \u00e8 armoniosamente inserita nel contesto naturale. Ti ritroverai fuori dal tempo in una casa con tutti i comfort. Un&#8217;accogliente cucina e un bagno completano l&#8217;arredamento semplice e rustico che ti metter\u00e1 perfettamente a tuo agio.<\/p>\n<p>&nbsp;<\/p>\n<p>Terra delle Sidhe offre la possibilit\u00e0 di accogliere un massimo di cinque persone in due stanze separate con il diritto di utilizzare la cucina e con soluzioni e costi personalizzati.<\/p>\n<p>&nbsp;<\/p>\n<p>Questa dimensione di indescrivibile naturalezza ti consente di apprezzare gli aromi, i suoni, i colori e i sapori della natura in una piacevole semplicit\u00e0 che ti far\u00e0 ritrovare in possesso dei sentimenti pi\u00f9 genuini che la natura e la cultura sono in grado di fornire a coloro che scelgono di ringiovanire con una vacanza davvero rilassante.[\/vc_column_text][\/vc_column][\/vc_row][vc_row css_animation=&#8221;&#8221; row_type=&#8221;row&#8221; use_row_as_full_screen_section=&#8221;no&#8221; type=&#8221;full_width&#8221; angled_section=&#8221;no&#8221; text_align=&#8221;center&#8221; background_image_as_pattern=&#8221;without_pattern&#8221;][vc_column][vc_column_text css=&#8221;.vc_custom_1613696184072{margin-right: 30px !important;margin-left: 30px !important;padding-top: 30px !important;padding-bottom: 30px !important;background-color: #f3f3f3 !important;}&#8221;]<\/p>\n<h2 style=\"text-align: center;\"><strong>Camera doppia disponibile da 40 \u20ac a notte<\/strong><\/h2>\n<p>&nbsp;<\/p>\n<h2 style=\"text-align: center;\"><strong>Tutta la casa (capacit\u00e0 per 4-5 persone) disponibile da 100 \u20ac a notte<\/strong><\/h2>\n<p>&nbsp;<\/p>\n<h2 style=\"text-align: center;\"><strong>Sconti speciali e personalizzati per soggiorni superiori a 7 notti<\/strong><\/h2>\n<p>[\/vc_column_text][\/vc_column][\/vc_row][vc_row css_animation=&#8221;&#8221; row_type=&#8221;row&#8221; use_row_as_full_screen_section=&#8221;no&#8221; type=&#8221;full_width&#8221; angled_section=&#8221;no&#8221; text_align=&#8221;left&#8221; background_image_as_pattern=&#8221;without_pattern&#8221; z_index=&#8221;&#8221;][vc_column width=&#8221;1\/6&#8243;][\/vc_column][vc_column width=&#8221;2\/3&#8243;][vc_empty_space height=&#8221;40px&#8221;][vc_column_text]<\/p>\n<p style=\"text-align: center;\"><strong>CAMERA #1<\/strong><\/p>\n<p>[\/vc_column_text][vc_empty_space height=&#8221;40px&#8221;][vc_gallery type=&#8221;image_grid&#8221; images=&#8221;16603,16600,16597,16585,16588,16594&#8243; img_size=&#8221;250&#215;250&#8243; column_number=&#8221;3&#8243; grayscale=&#8221;no&#8221; images_space=&#8221;gallery_with_space&#8221;][vc_empty_space height=&#8221;20px&#8221;][vc_column_text]<\/p>\n<p style=\"text-align: center;\"><strong>CAMERA #2<\/strong><\/p>\n<p>[\/vc_column_text][vc_empty_space height=&#8221;40px&#8221;][vc_gallery type=&#8221;image_grid&#8221; images=&#8221;16618,16621,16624,16615,16612,16627&#8243; img_size=&#8221;250&#215;250&#8243; column_number=&#8221;3&#8243; grayscale=&#8221;no&#8221; images_space=&#8221;gallery_with_space&#8221;][vc_empty_space height=&#8221;20px&#8221;][vc_column_text]<\/p>\n<p style=\"text-align: center;\"><strong>CUCINA E SOGGIORNO<\/strong><\/p>\n<p>[\/vc_column_text][vc_empty_space height=&#8221;40px&#8221;][vc_gallery type=&#8221;image_grid&#8221; images=&#8221;16833,16830,16827,16652,16655,16658&#8243; img_size=&#8221;250&#215;250&#8243; column_number=&#8221;3&#8243; grayscale=&#8221;no&#8221; images_space=&#8221;gallery_with_space&#8221;][vc_empty_space height=&#8221;20px&#8221;][vc_column_text]<\/p>\n<p style=\"text-align: center;\"><strong>ZONA PRANZO E LIBRERIA<\/strong><\/p>\n<p>[\/vc_column_text][vc_empty_space height=&#8221;40px&#8221;][vc_gallery type=&#8221;image_grid&#8221; images=&#8221;16677,16683,16674,16686,16680,16689&#8243; img_size=&#8221;250&#215;250&#8243; column_number=&#8221;3&#8243; grayscale=&#8221;no&#8221; images_space=&#8221;gallery_with_space&#8221;][vc_empty_space height=&#8221;20px&#8221;][vc_column_text]<\/p>\n<p style=\"text-align: center;\"><strong>BAGNO E DOCCIA<\/strong><\/p>\n<p>[\/vc_column_text][vc_empty_space height=&#8221;40px&#8221;][vc_gallery type=&#8221;image_grid&#8221; images=&#8221;16695,16698,16759&#8243; img_size=&#8221;250&#215;250&#8243; column_number=&#8221;3&#8243; grayscale=&#8221;no&#8221; images_space=&#8221;gallery_with_space&#8221;][vc_empty_space height=&#8221;20px&#8221;][vc_column_text]<\/p>\n<p style=\"text-align: center;\"><strong>AREA ESTERNA<\/strong><\/p>\n<p>[\/vc_column_text][vc_empty_space height=&#8221;40px&#8221;][vc_gallery type=&#8221;image_grid&#8221; images=&#8221;16707,16713,16716,16719,16722,16725,16728,16731,16734,16737,16740,16743,16746,16749,16752,16755&#8243; img_size=&#8221;250&#215;250&#8243; column_number=&#8221;4&#8243; grayscale=&#8221;no&#8221; images_space=&#8221;gallery_with_space&#8221;][vc_empty_space height=&#8221;20px&#8221;][\/vc_column][vc_column width=&#8221;1\/6&#8243;][\/vc_column][\/vc_row][vc_row css_animation=&#8221;&#8221; row_type=&#8221;row&#8221; use_row_as_full_screen_section=&#8221;no&#8221; type=&#8221;full_width&#8221; angled_section=&#8221;no&#8221; text_align=&#8221;left&#8221; background_image_as_pattern=&#8221;without_pattern&#8221;][vc_column][vc_column_text css=&#8221;.vc_custom_1613079277177{padding-top: 15px !important;padding-bottom: 30px !important;}&#8221;]<\/p>\n<p style=\"text-align: center;\"><strong><span style=\"font-size: 14pt; letter-spacing: 2px; font-weight: 600; line-height: 22px;\"><a href=\"https:\/\/terradellesidhe.com\/it\/contatto\/\">Contattaci direttamente<\/a> o <a href=\"https:\/\/www.airbnb.com\/users\/show\/13436876\" target=\"_blank\" rel=\"noopener noreferrer\">tramite prenotazione immediata su Airbnb<\/a><\/span><\/strong><\/p>\n<p>[\/vc_column_text][vc_empty_space height=&#8221;40px&#8221;][\/vc_column][\/vc_row][vc_row css_animation=&#8221;&#8221; row_type=&#8221;row&#8221; use_row_as_full_screen_section=&#8221;no&#8221; type=&#8221;full_width&#8221; angled_section=&#8221;no&#8221; text_align=&#8221;center&#8221; background_image_as_pattern=&#8221;without_pattern&#8221; background_image=&#8221;15863&#8243; background_color=&#8221;#f1f1f1&#8243; padding_top=&#8221;50&#8243; padding_bottom=&#8221;50&#8243;][vc_column][vc_column_text]<\/p>\n<h2 style=\"text-align: center; text-shadow: 2px 2px 2px #c89240;\"><span style=\"color: #ffffff;\"><a style=\"color: #ffffff;\" href=\"\/?page_id=1452\">Per pi\u00fa informazione<\/a><\/span><\/h2>\n<h3 style=\"text-align: center; text-shadow: 2px 2px 2px #c89240;\"><span style=\"color: #ffffff;\"><a style=\"color: #ffffff;\" href=\"tel:+39 333 746 2927\">+39 333 746 2927<\/a><\/span><\/h3>\n<p>[\/vc_column_text][\/vc_column][\/vc_row]<\/p>\n","protected":false},"excerpt":{"rendered":"<p>[vc_row css_animation=&#8221;&#8221; row_type=&#8221;row&#8221; use_row_as_full_screen_section=&#8221;no&#8221; type=&#8221;full_width&#8221; angled_section=&#8221;no&#8221; text_align=&#8221;left&#8221; background_image_as_pattern=&#8221;without_pattern&#8221; background_image=&#8221;15606&#8243;][vc_column][vc_empty_space height=&#8221;400px&#8221;][\/vc_column][\/vc_row][vc_row css_animation=&#8221;&#8221; row_type=&#8221;row&#8221; use_row_as_full_screen_section=&#8221;no&#8221; type=&#8221;grid&#8221; angled_section=&#8221;no&#8221; text_align=&#8221;left&#8221; background_image_as_pattern=&#8221;without_pattern&#8221; padding_bottom=&#8221;26&#8243;][vc_column][vc_empty_space][\/vc_column][\/vc_row][vc_row css_animation=&#8221;&#8221; row_type=&#8221;row&#8221; use_row_as_full_screen_section=&#8221;no&#8221; type=&#8221;grid&#8221; angled_section=&#8221;no&#8221; text_align=&#8221;left&#8221; background_image_as_pattern=&#8221;without_pattern&#8221; padding_bottom=&#8221;26&#8243;][vc_column width=&#8221;1\/3&#8243;][vc_single_image image=&#8221;17170&#8243; img_size=&#8221;full&#8221; alignment=&#8221;center&#8221; qode_css_animation=&#8221;element_from_fade&#8221; transition_delay=&#8221;0.2&#8243;][\/vc_column][vc_column width=&#8221;2\/3&#8243;][vc_column_text css=&#8221;.vc_custom_1600121214174{padding-bottom: 20px !important;}&#8221;] Alloggio [\/vc_column_text][vc_column_text]La casa vacanze \u00e8 costituita da un vecchio&#8230;<\/p>\n","protected":false},"author":1,"featured_media":0,"parent":0,"menu_order":0,"comment_status":"open","ping_status":"closed","template":"full_width.php","meta":[],"_links":{"self":[{"href":"https:\/\/terradellesidhe.com\/it\/wp-json\/wp\/v2\/pages\/16774"}],"collection":[{"href":"https:\/\/terradellesidhe.com\/it\/wp-json\/wp\/v2\/pages"}],"about":[{"href":"https:\/\/terradellesidhe.com\/it\/wp-json\/wp\/v2\/types\/page"}],"author":[{"embeddable":true,"href":"https:\/\/terradellesidhe.com\/it\/wp-json\/wp\/v2\/users\/1"}],"replies":[{"embeddable":true,"href":"https:\/\/terradellesidhe.com\/it\/wp-json\/wp\/v2\/comments?post=16774"}],"version-history":[{"count":2,"href":"https:\/\/terradellesidhe.com\/it\/wp-json\/wp\/v2\/pages\/16774\/revisions"}],"predecessor-version":[{"id":17172,"href":"https:\/\/terradellesidhe.com\/it\/wp-json\/wp\/v2\/pages\/16774\/revisions\/17172"}],"wp:attachment":[{"href":"https:\/\/terradellesidhe.com\/it\/wp-json\/wp\/v2\/media?parent=16774"}],"curies":[{"name":"wp","href":"https:\/\/api.w.org\/{rel}","templated":true}]}}