{"id":17013,"date":"2020-09-17T21:47:27","date_gmt":"2020-09-17T21:47:27","guid":{"rendered":"https:\/\/terradellesidhe.com\/about\/"},"modified":"2021-03-14T03:52:36","modified_gmt":"2021-03-14T03:52:36","slug":"chi-siamo","status":"publish","type":"page","link":"https:\/\/terradellesidhe.com\/it\/chi-siamo\/","title":{"rendered":"Chi Siamo"},"content":{"rendered":"<p>[vc_row css_animation=&#8221;&#8221; row_type=&#8221;row&#8221; use_row_as_full_screen_section=&#8221;no&#8221; type=&#8221;full_width&#8221; angled_section=&#8221;no&#8221; text_align=&#8221;left&#8221; background_image_as_pattern=&#8221;without_pattern&#8221; z_index=&#8221;&#8221; background_image=&#8221;15929&#8243;][vc_column][vc_empty_space height=&#8221;400px&#8221;][\/vc_column][\/vc_row][vc_row css_animation=&#8221;&#8221; row_type=&#8221;row&#8221; use_row_as_full_screen_section=&#8221;no&#8221; type=&#8221;grid&#8221; angled_section=&#8221;no&#8221; text_align=&#8221;left&#8221; background_image_as_pattern=&#8221;without_pattern&#8221;][vc_column][vc_empty_space height=&#8221;50px&#8221;][\/vc_column][vc_column width=&#8221;1\/3&#8243;][vc_single_image image=&#8221;15919&#8243; img_size=&#8221;full&#8221; alignment=&#8221;center&#8221; qode_css_animation=&#8221;element_from_fade&#8221; transition_delay=&#8221;0.2&#8243;][\/vc_column][vc_column width=&#8221;2\/3&#8243;][vc_column_text css=&#8221;.vc_custom_1601075706597{padding-bottom: 30px !important;}&#8221;]<\/p>\n<h2 style=\"text-align: center;\">La regione<\/h2>\n<p>[\/vc_column_text][vc_column_text]In questa regione, una delle pi\u00f9 naturali d&#8217;Italia intorno al Monte Amiata, vulcano dormiente per migliaia di anni fa, ci sono concentrati pi\u00f9 di 31 riserve naturali, il secondo faggetto pi\u00f9 grande di Europa e un bellissimo parco faunistico.<\/p>\n<p>&nbsp;<\/p>\n<p>Alle sue pendici si trovano importanti sorgenti di zolfo e bicarbonato di calcio, le pi\u00f9 famose per le sue sorgenti termali terapeutiche sono quelle di Saturnia, San Filippo, Bagno Vignoni e Petriolo, senza dimenticare il Parco Naturale della Maremma, unico per le sue straordinarie spiagge e il mare turchese, a soli 45 minuti dalla nostra fattoria.<\/p>\n<p>&nbsp;<\/p>\n<p>Solo nella provincia di Grosseto sono riportati pi\u00f9 di 420 monumenti, tra cui antiche abbazie, cattedrali e basiliche, borghi medievali, torri, mura e castelli, antiche chiese, monasteri e ville, musei e siti archeologici.[\/vc_column_text][\/vc_column][\/vc_row][vc_row css_animation=&#8221;&#8221; row_type=&#8221;row&#8221; use_row_as_full_screen_section=&#8221;no&#8221; type=&#8221;grid&#8221; angled_section=&#8221;no&#8221; text_align=&#8221;left&#8221; background_image_as_pattern=&#8221;without_pattern&#8221;][vc_column][vc_empty_space][vc_gallery type=&#8221;image_grid&#8221; images=&#8221;15926,15925,15924,15923,15922,15921&#8243; img_size=&#8221;250&#215;250&#8243; column_number=&#8221;6&#8243; grayscale=&#8221;no&#8221; images_space=&#8221;gallery_with_space&#8221;][vc_empty_space][\/vc_column][\/vc_row][vc_row css_animation=&#8221;&#8221; row_type=&#8221;row&#8221; use_row_as_full_screen_section=&#8221;no&#8221; type=&#8221;grid&#8221; angled_section=&#8221;no&#8221; text_align=&#8221;left&#8221; background_image_as_pattern=&#8221;without_pattern&#8221;][vc_column width=&#8221;1\/3&#8243;][vc_single_image image=&#8221;15901&#8243; img_size=&#8221;full&#8221; alignment=&#8221;center&#8221; qode_css_animation=&#8221;&#8221;][\/vc_column][vc_column width=&#8221;2\/3&#8243;][vc_column_text css=&#8221;.vc_custom_1601075798429{padding-bottom: 30px !important;}&#8221;]<\/p>\n<h2 style=\"text-align: center;\">L\u2019azienda Bio<\/h2>\n<p>[\/vc_column_text][vc_column_text]<span style=\"font-weight: 400;\">Terra delle Sidhe \u00e8 una piccola fattoria biologica situata nel sud della Toscana che domina una splendida valle situata alle pendici del Monte Amiata, tra le citt\u00e0 medievali di Castel del Piano e Seggiano.<\/span><\/p>\n<p>&nbsp;<\/p>\n<p><span style=\"font-weight: 400;\">\u00a0Il paesaggio ha la particolarit\u00e0 di una tipica foresta naturale e la produttivit\u00e0 diversificata tipica delle aziende agricole biologiche.<\/span><\/p>\n<p>&nbsp;<\/p>\n<p><span style=\"font-weight: 400;\">\u00a0La tenuta si sviluppa su tre ettari di castagni, Marroni Amiata IGP, una preziosa variet\u00e0 di olivi di Olivastra Seggianese DOP e ciliegi di oltre cento anni di antichit\u00e0<\/span><\/p>\n<p>&nbsp;<\/p>\n<p><span style=\"font-weight: 400;\">\u00a0Una ricca variet\u00e0 di alberi da frutto, piante medicinali, un giardino biodinamico, farina di castagne, olio extra vergine di oliva, saponi naturali, deliziosi t\u00e8 e marmellate completano la gamma di prodotti biologici elaborati nella nostra azienda agricola.<\/span>[\/vc_column_text][\/vc_column][\/vc_row][vc_row css_animation=&#8221;&#8221; row_type=&#8221;row&#8221; use_row_as_full_screen_section=&#8221;no&#8221; type=&#8221;grid&#8221; angled_section=&#8221;no&#8221; text_align=&#8221;left&#8221; background_image_as_pattern=&#8221;without_pattern&#8221;][vc_column][vc_empty_space][vc_gallery type=&#8221;image_grid&#8221; images=&#8221;15902,15900,15898,15897,15896,15895&#8243; img_size=&#8221;250&#215;250&#8243; column_number=&#8221;6&#8243; grayscale=&#8221;no&#8221; images_space=&#8221;gallery_without_space&#8221;][vc_empty_space][\/vc_column][\/vc_row][vc_row css_animation=&#8221;&#8221; row_type=&#8221;row&#8221; use_row_as_full_screen_section=&#8221;no&#8221; type=&#8221;grid&#8221; angled_section=&#8221;no&#8221; text_align=&#8221;left&#8221; background_image_as_pattern=&#8221;without_pattern&#8221;][vc_column width=&#8221;1\/3&#8243;][vc_single_image image=&#8221;15966&#8243; img_size=&#8221;full&#8221; alignment=&#8221;center&#8221; qode_css_animation=&#8221;&#8221;][\/vc_column][vc_column width=&#8221;2\/3&#8243;][vc_column_text css=&#8221;.vc_custom_1601075886764{padding-bottom: 30px !important;}&#8221;]<\/p>\n<h2 style=\"text-align: center;\">La famiglia<\/h2>\n<p>[\/vc_column_text][vc_column_text]Terra delle Sidhe \u00e8 casa e rifugio per persone e animali. Luisa, infermiera convertita a contadina, \u00e8 arrivata dalla Spagna pi\u00f9 di 10 anni fa, insieme a un numero crescente di compagni animali.<\/p>\n<p>&nbsp;<\/p>\n<p>Rita, Aamir e Candela sono il comitato canino di benvenuto al vostro arrivo. Sempre alla ricerca di un gesto di amore, questi tre cani meravigliosi fanno amicizia rapidamente con chiunque viene al loro incontro.<\/p>\n<p>&nbsp;<\/p>\n<p>Skizzo, Romeo e Giulietta sono gatti avventurosi a cui piace godere andando a caccia di lucertole, fare lunghe sieste, e fare le fusa tra le tue braccia.<\/p>\n<p>&nbsp;<\/p>\n<p>Le galline producono deliziose uova biologiche, e danno un tocco di colore mentre gironzolano intorno alla fattoria. Si prega di essere sicuri di donare a loro i vostri rifiuti organici della cucina, un modo di perpetuare il ciclo di meravigliosi doni.<\/p>\n<p>&nbsp;<\/p>\n<p>Non esitate a trascorrere del tempo con la nostra bella famiglia di animali![\/vc_column_text][\/vc_column][\/vc_row][vc_row css_animation=&#8221;&#8221; row_type=&#8221;row&#8221; use_row_as_full_screen_section=&#8221;no&#8221; type=&#8221;grid&#8221; angled_section=&#8221;no&#8221; text_align=&#8221;left&#8221; background_image_as_pattern=&#8221;without_pattern&#8221;][vc_column][vc_empty_space][vc_gallery type=&#8221;image_grid&#8221; images=&#8221;15977,17005,15961,17236,15960,15959&#8243; img_size=&#8221;250&#215;250&#8243; column_number=&#8221;6&#8243; grayscale=&#8221;no&#8221; images_space=&#8221;gallery_without_space&#8221;][vc_empty_space][\/vc_column][\/vc_row][vc_row css_animation=&#8221;&#8221; row_type=&#8221;row&#8221; use_row_as_full_screen_section=&#8221;no&#8221; type=&#8221;full_width&#8221; angled_section=&#8221;no&#8221; text_align=&#8221;center&#8221; background_image_as_pattern=&#8221;without_pattern&#8221;][vc_column][vc_empty_space height=&#8221;15px&#8221;][vc_column_text]<\/p>\n<h3 style=\"text-align: center;\"><span style=\"color: #000000;\"><a href=\"https:\/\/terradellesidhe.com\/it\/contatti\/\">Vieni a trovarci, prenota ora!<\/a><\/span><\/h3>\n<p>[\/vc_column_text][vc_empty_space height=&#8221;50px&#8221;][\/vc_column][\/vc_row][vc_row css_animation=&#8221;&#8221; row_type=&#8221;row&#8221; use_row_as_full_screen_section=&#8221;no&#8221; type=&#8221;full_width&#8221; angled_section=&#8221;no&#8221; text_align=&#8221;center&#8221; background_image_as_pattern=&#8221;without_pattern&#8221; background_image=&#8221;15863&#8243; background_color=&#8221;#f1f1f1&#8243; padding_top=&#8221;50&#8243; padding_bottom=&#8221;50&#8243;][vc_column][vc_column_text]<\/p>\n<h2 style=\"text-align: center; text-shadow: 2px 2px 2px #c89240;\"><span style=\"color: #ffffff;\"><a style=\"color: #ffffff;\" href=\"\/?page_id=1452\">Per pi\u00fa informazione<\/a><\/span><\/h2>\n<h3 style=\"text-align: center; text-shadow: 2px 2px 2px #c89240;\"><span style=\"color: #ffffff;\"><a style=\"color: #ffffff;\" href=\"tel:+39 333 746 2927\">+39 333 746 2927<\/a><\/span><\/h3>\n<p>[\/vc_column_text][\/vc_column][\/vc_row]<\/p>\n","protected":false},"excerpt":{"rendered":"<p>[vc_row css_animation=&#8221;&#8221; row_type=&#8221;row&#8221; use_row_as_full_screen_section=&#8221;no&#8221; type=&#8221;full_width&#8221; angled_section=&#8221;no&#8221; text_align=&#8221;left&#8221; background_image_as_pattern=&#8221;without_pattern&#8221; z_index=&#8221;&#8221; background_image=&#8221;15929&#8243;][vc_column][vc_empty_space height=&#8221;400px&#8221;][\/vc_column][\/vc_row][vc_row css_animation=&#8221;&#8221; row_type=&#8221;row&#8221; use_row_as_full_screen_section=&#8221;no&#8221; type=&#8221;grid&#8221; angled_section=&#8221;no&#8221; text_align=&#8221;left&#8221; background_image_as_pattern=&#8221;without_pattern&#8221;][vc_column][vc_empty_space height=&#8221;50px&#8221;][\/vc_column][vc_column width=&#8221;1\/3&#8243;][vc_single_image image=&#8221;15919&#8243; img_size=&#8221;full&#8221; alignment=&#8221;center&#8221; qode_css_animation=&#8221;element_from_fade&#8221; transition_delay=&#8221;0.2&#8243;][\/vc_column][vc_column width=&#8221;2\/3&#8243;][vc_column_text css=&#8221;.vc_custom_1601075706597{padding-bottom: 30px !important;}&#8221;] La regione [\/vc_column_text][vc_column_text]In questa regione, una delle pi\u00f9 naturali d&#8217;Italia intorno al Monte Amiata, vulcano dormiente&#8230;<\/p>\n","protected":false},"author":2,"featured_media":0,"parent":0,"menu_order":0,"comment_status":"open","ping_status":"closed","template":"full_width.php","meta":[],"_links":{"self":[{"href":"https:\/\/terradellesidhe.com\/it\/wp-json\/wp\/v2\/pages\/17013"}],"collection":[{"href":"https:\/\/terradellesidhe.com\/it\/wp-json\/wp\/v2\/pages"}],"about":[{"href":"https:\/\/terradellesidhe.com\/it\/wp-json\/wp\/v2\/types\/page"}],"author":[{"embeddable":true,"href":"https:\/\/terradellesidhe.com\/it\/wp-json\/wp\/v2\/users\/2"}],"replies":[{"embeddable":true,"href":"https:\/\/terradellesidhe.com\/it\/wp-json\/wp\/v2\/comments?post=17013"}],"version-history":[{"count":1,"href":"https:\/\/terradellesidhe.com\/it\/wp-json\/wp\/v2\/pages\/17013\/revisions"}],"predecessor-version":[{"id":17240,"href":"https:\/\/terradellesidhe.com\/it\/wp-json\/wp\/v2\/pages\/17013\/revisions\/17240"}],"wp:attachment":[{"href":"https:\/\/terradellesidhe.com\/it\/wp-json\/wp\/v2\/media?parent=17013"}],"curies":[{"name":"wp","href":"https:\/\/api.w.org\/{rel}","templated":true}]}}